{"id":708,"date":"2020-11-03T19:39:30","date_gmt":"2020-11-03T19:39:30","guid":{"rendered":"http:\/\/www.intoblue.dk\/?page_id=708"},"modified":"2022-03-11T10:47:36","modified_gmt":"2022-03-11T09:47:36","slug":"boats","status":"publish","type":"page","link":"https:\/\/www.intoblue.dk\/en\/boats\/","title":{"rendered":"The Boats"},"content":{"rendered":"<div data-elementor-type=\"wp-page\"   data-elementor-id=\"708\"  class=\"elementor elementor-708\"  data-elementor-settings=\"[]\">\n\t\t\t\t\t\t<div class=\"elementor-inner\">\n\t\t\t\t\t\t\t<div class=\"elementor-section-wrap\">\n\t\t\t\t\t\t\t<section class=\"elementor-section elementor-top-section elementor-element elementor-element-fc21d64 elementor-section-boxed elementor-section-height-default elementor-section-height-default\"   data-id=\"fc21d64\"   data-element_type=\"section\"   data-settings=\"{&quot;background_background&quot;:&quot;classic&quot;}\">\n\t\t\t\t\t\t<div class=\"elementor-container elementor-column-gap-default\" >\n\t\t\t\t\t\t\t<div class=\"elementor-row\">\n\t\t\t\t\t<div class=\"elementor-column elementor-col-100 elementor-top-column elementor-element elementor-element-26adfb9\"   data-id=\"26adfb9\"   data-element_type=\"column\">\n\t\t\t<div class=\"elementor-column-wrap elementor-element-populated\">\n\t\t\t\t\t\t\t<div class=\"elementor-widget-wrap\">\n\t\t\t\t\t\t<div class=\"elementor-element elementor-element-c8253c2 elementor-widget elementor-widget-heading\"   data-id=\"c8253c2\"   data-element_type=\"widget\"   data-widget_type=\"heading.default\">\n\t\t\t\t<div class=\"elementor-widget-container\">\n\t\t\t<h2 class=\"elementor-heading-title elementor-size-default\">Ranger 1682 WT - World Class Bass Boat used when boatfishing for seatrout and mackerel<\/h2>\t\t<\/div>\n\t\t\t\t<\/div>\n\t\t\t\t<div class=\"elementor-element elementor-element-22d0afc elementor-aspect-ratio-169 elementor-widget elementor-widget-video\"   data-id=\"22d0afc\"   data-element_type=\"widget\"   data-settings=\"{&quot;youtube_url&quot;:&quot;https:\\\/\\\/www.youtube.com\\\/watch?v=7Y60GjZEkTM&quot;,&quot;start&quot;:10,&quot;end&quot;:555,&quot;autoplay&quot;:&quot;yes&quot;,&quot;play_on_mobile&quot;:&quot;yes&quot;,&quot;mute&quot;:&quot;yes&quot;,&quot;loop&quot;:&quot;yes&quot;,&quot;video_type&quot;:&quot;youtube&quot;,&quot;controls&quot;:&quot;yes&quot;,&quot;aspect_ratio&quot;:&quot;169&quot;}\"   data-widget_type=\"video.default\">\n\t\t\t\t<div class=\"elementor-widget-container\">\n\t\t\t\t\t<div class=\"elementor-wrapper elementor-fit-aspect-ratio elementor-open-inline\">\n\t\t\t<div class=\"elementor-video\"><\/div>\t\t<\/div>\n\t\t\t\t<\/div>\n\t\t\t\t<\/div>\n\t\t\t\t<div class=\"elementor-element elementor-element-4ebf874 elementor-widget elementor-widget-text-editor\"   data-id=\"4ebf874\"   data-element_type=\"widget\"   data-widget_type=\"text-editor.default\">\n\t\t\t\t<div class=\"elementor-widget-container\">\n\t\t\t\t\t\t\t\t<div class=\"elementor-text-editor elementor-clearfix\">\n\t\t\t\t<p>The Ranger\u00ae VS1682 is designed to tame swells and rough water like a big deep V, but in a shorter size that\u2019s long on legendary Ranger quality. The wide beam offers rock-like stability and ample workspace to play fish and rig gear while the deeper V hull is designed to keep you dry and riding smooth in big water.<\/p><p>The Boat is equipped with MinnKota trolling motor and Humminbird Solix10X CHIRP MSI+ GPS G2 fishfinder. These assets makes a huge difference in being efficient at fishing, making both positioning for hot spots easy regardless of wind directions. In combination with the cutting edge fish finder, the chances for both finding fish and approaching them optimally is greatly enhanced. The boat comfortably carries 4 people (3 guests &amp; skipper \u2013 the limitation for flyfishers specifically cf. \u201cPrices &amp; Packages\u201d is two persons, however)<\/p><p>A 115HP Mercury Pro XS is mounted on the back, making sure that the boat is packing plenty of power to get to &amp; from different spots in a hurry.<\/p><p>Whereas this kind of \u201cbass-boat\u201d is more common in Sweden, there are only a select few equipped to these standards in Denmark. You do not want to miss the chance of trying this true fishing-machine out. Fishing after seatrout or mackerel in this beauty is an absolute blast!\u00a0<em>denne\u00a0<\/em>sande fiskemaskine i danske vande. Fiskeri efter\u00a0<a href=\"http:\/\/www.intoblue.dk\/en\/da\/seatrout\/\">hav\u00f8rred<\/a>\u00a0eller\u00a0<a href=\"http:\/\/www.intoblue.dk\/en\/da\/mackerel\/\">makrel<\/a>\u00a0i denne sk\u00f8nhed er en sand forn\u00f8jelse!<\/p>\t\t\t\t\t<\/div>\n\t\t\t\t\t\t<\/div>\n\t\t\t\t<\/div>\n\t\t\t\t\t\t<\/div>\n\t\t\t\t\t<\/div>\n\t\t<\/div>\n\t\t\t\t\t\t\t\t<\/div>\n\t\t\t\t\t<\/div>\n\t\t<\/section>\n\t\t\t\t<section class=\"elementor-section elementor-top-section elementor-element elementor-element-2592471 elementor-section-boxed elementor-section-height-default elementor-section-height-default\"   data-id=\"2592471\"   data-element_type=\"section\">\n\t\t\t\t\t\t<div class=\"elementor-container elementor-column-gap-default\">\n\t\t\t\t\t\t\t<div class=\"elementor-row\">\n\t\t\t\t\t<div class=\"elementor-column elementor-col-100 elementor-top-column elementor-element elementor-element-e30d90c\"   data-id=\"e30d90c\"  data-element_type=\"column\">\n\t\t\t<div class=\"elementor-column-wrap elementor-element-populated\">\n\t\t\t\t\t\t\t<div class=\"elementor-widget-wrap\">\n\t\t\t\t\t\t<div class=\"elementor-element elementor-element-135bea6 elementor-widget elementor-widget-heading\"   data-id=\"135bea6\"   data-element_type=\"widget\"   data-widget_type=\"heading.default\">\n\t\t\t\t<div class=\"elementor-widget-container\">\n\t\t\t<h2 class=\"elementor-heading-title elementor-size-default\">BRIG 610 Navigator - Fast RIB boat with large carrying capacity used for spearfishing, island-hopping and oyster safari<\/h2>\t\t<\/div>\n\t\t\t\t<\/div>\n\t\t\t\t<div class=\"elementor-element elementor-element-6faaaab elementor-widget elementor-widget-image\"   data-id=\"6faaaab\"   data-element_type=\"widget\"   data-widget_type=\"image.default\">\n\t\t\t\t<div class=\"elementor-widget-container\">\n\t\t\t\t\t\t\t\t<div class=\"elementor-image\">\n\t\t\t\t\t\t\t\t\t\t\t\t<img width=\"1893\"   height=\"837\"   src=\"https:\/\/www.intoblue.dk\/wp-content\/uploads\/2020\/11\/Navigator-610.png\"   class=\"attachment-2048x2048 size-2048x2048\"   alt=\"BRIG Navigator 610\"   loading=\"lazy\"   srcset=\"https:\/\/www.intoblue.dk\/wp-content\/uploads\/2020\/11\/Navigator-610.png 1893w, https:\/\/www.intoblue.dk\/wp-content\/uploads\/2020\/11\/Navigator-610-300x133.png 300w, https:\/\/www.intoblue.dk\/wp-content\/uploads\/2020\/11\/Navigator-610-1024x453.png 1024w, https:\/\/www.intoblue.dk\/wp-content\/uploads\/2020\/11\/Navigator-610-768x340.png 768w, https:\/\/www.intoblue.dk\/wp-content\/uploads\/2020\/11\/Navigator-610-1536x679.png 1536w, https:\/\/www.intoblue.dk\/wp-content\/uploads\/2020\/11\/Navigator-610-1568x693.png 1568w\" sizes=\"100vw\" \/>\t\t\t\t\t\t\t\t\t\t\t\t\t\t<\/div>\n\t\t\t\t\t\t<\/div>\n\t\t\t\t<\/div>\n\t\t\t\t<div class=\"elementor-element elementor-element-4639e06 elementor-widget elementor-widget-image\"   data-id=\"4639e06\"   data-element_type=\"widget\"   data-widget_type=\"image.default\">\n\t\t\t\t<div class=\"elementor-widget-container\">\n\t\t\t\t\t\t\t\t<div class=\"elementor-image\">\n\t\t\t\t\t\t\t\t\t\t\t\t<img src=\"http:\/\/www.intoblue.dk\/wp-content\/uploads\/2021\/01\/DSC_0344-scaled.jpg\" title=\"\" alt=\"\" \/>\t\t\t\t\t\t\t\t\t\t\t\t\t\t<\/div>\n\t\t\t\t\t\t<\/div>\n\t\t\t\t<\/div>\n\t\t\t\t<div class=\"elementor-element elementor-element-783ee80 elementor-widget elementor-widget-text-editor\"   data-id=\"783ee80\"   data-element_type=\"widget\"   data-widget_type=\"text-editor.default\">\n\t\t\t\t<div class=\"elementor-widget-container\">\n\t\t\t\t\t\t\t\t<div class=\"elementor-text-editor elementor-clearfix\">\n\t\t\t\t<p>BRIG as RIB manufacturer does not need much further introduction. They have been a leading  manufacturer of this kind of boat for decades. The Navigator series is designed with a reinforced deep \u2018V\u2019 hull, along with extended waterline length, extra-wide tubes and a square bow.  All of this helps ensure a stable and dry ride, even at speed.<\/p><p>The Navigator 610 can carry 10 people in total safely and in style.<\/p><p>With a 135 HP Honda on the back, there is plenty of power, even when fully loaded or when packing heavy gear for e.g. lobster trips.\u00a0<\/p><p>Perfect for\u00a0<u><a href=\"http:\/\/www.intoblue.dk\/en\/da\/elementor-2577\/\" >island-hopping,<\/a><\/u>,\u00a0<a href=\"http:\/\/www.intoblue.dk\/en\/da\/oyster\/\">oyster trips,<\/a>,\u00a0<a href=\"http:\/\/www.intoblue.dk\/en\/da\/lobster\/\">free-diving for lobsters,<\/a>, corporate events and more.<\/p>\t\t\t\t\t<\/div>\n\t\t\t\t\t\t<\/div>\n\t\t\t\t<\/div>\n\t\t\t\t\t\t<\/div>\n\t\t\t\t\t<\/div>\n\t\t<\/div>\n\t\t\t\t\t\t\t\t<\/div>\n\t\t\t\t\t<\/div>\n\t\t<\/section>\n\t\t\t\t\t\t<\/div>\n\t\t\t\t\t\t<\/div>\n\t\t\t\t\t<\/div>","protected":false},"excerpt":{"rendered":"<p>Ranger 1682 WT &#8211; Verdensklasse bass-b\u00e5d som vi anvender til b\u00e5dfiskeri efter hav\u00f8rred og makrel https:\/\/www.youtube.com\/watch?v=7Y60GjZEkTM Ranger\u00ae VS1682 er designet til at t\u00e6mme d\u00f8nninger og uroligt vand som en stor &#8220;deep-V&#8221; b\u00e5d i en kortere version, men i den velkendte Ranger-kvalitet. Bredden p\u00e5 b\u00e5den (2,48m) giver en utrolig stabilitet og rigeligt med arbejdsomr\u00e5de til fiskeri &hellip; <\/p>\n<p class=\"link-more\"><a href=\"https:\/\/www.intoblue.dk\/en\/boats\/\"   class=\"more-link\">Continue reading<span class=\"screen-reader-text\"> &#8220;B\u00e5dene&#8221;<\/span><\/a><\/p>","protected":false},"author":1,"featured_media":0,"parent":0,"menu_order":0,"comment_status":"closed","ping_status":"closed","template":"elementor_header_footer","meta":[],"yoast_head":"<!-- This site is optimized with the Yoast SEO Premium plugin v17.6 (Yoast SEO v18.3) - https:\/\/yoast.com\/wordpress\/plugins\/seo\/ -->\n<title>B\u00e5dene | IntoBlue | Modern bass-boat and RIB for fishing and diving<\/title>\n<meta name=\"description\"  content=\"We use modern and state-of-the-art bass boat and RIB boat to explore Limfjorden and Mariager Fjord on boat trips. Click here for more details.\" \/>\n<meta name=\"robots\"  content=\"index, follow, max-snippet:-1, max-image-preview:large, max-video-preview:-1\" \/>\n<link rel=\"canonical\"  href=\"https:\/\/www.intoblue.dk\/en\/boats\/\" \/>\n<meta property=\"og:locale\"  content=\"en_GB\" \/>\n<meta property=\"og:type\"  content=\"article\" \/>\n<meta property=\"og:title\"  content=\"B\u00e5dene\" \/>\n<meta property=\"og:description\"  content=\"We use modern and state-of-the-art bass boat and RIB boat to explore Limfjorden and Mariager Fjord on boat trips. Click here for more details.\" \/>\n<meta property=\"og:url\"  content=\"https:\/\/www.intoblue.dk\/en\/boats\/\" \/>\n<meta property=\"og:site_name\" content=\"IntoBlue\" \/>\n<meta property=\"article:publisher\"  content=\"https:\/\/www.facebook.com\/IntoBlue-113340007205853\" \/>\n<meta property=\"article:modified_time\"  content=\"2022-03-11T09:47:36+00:00\" \/>\n<meta property=\"og:image\"  content=\"https:\/\/www.intoblue.dk\/wp-content\/uploads\/2020\/11\/Navigator-610.png\" \/>\n<meta name=\"twitter:card\" content=\"summary_large_image\" \/>\n<meta name=\"twitter:label1\" content=\"Estimated reading time\" \/>\n\t<meta name=\"twitter:data1\" content=\"2 minutes\" \/>\n<script type=\"application\/ld+json\" class=\"yoast-schema-graph\">{\"@context\":\"https:\/\/schema.org\",\"@graph\":[{\"@type\":\"Organization\",\"@id\":\"https:\/\/www.intoblue.dk\/#organization\",\"name\":\"IntoBlue\",\"url\":\"https:\/\/www.intoblue.dk\/\",\"sameAs\":[\"https:\/\/www.facebook.com\/IntoBlue-113340007205853\",\"https:\/\/www.instagram.com\/intoblue_dk\/\",\"https:\/\/www.linkedin.com\/in\/tore-mogensen-43550a1\/\",\"https:\/\/www.youtube.com\/channel\/UCUsFQaki4Np6opJhKZfTmTg?fbclid=IwAR3nqbHpMKL4y5FuGe6Mw2P_b7iYjj4SUbP7FQgbjC351zBCvfqYH-YzKUU\"],\"logo\":{\"@type\":\"ImageObject\",\"@id\":\"https:\/\/www.intoblue.dk\/#logo\",\"inLanguage\":\"en-GB\",\"url\":\"http:\/\/www.intoblue.dk\/wp-content\/uploads\/2021\/02\/Logo-Name-Slogan.png\",\"contentUrl\":\"http:\/\/www.intoblue.dk\/wp-content\/uploads\/2021\/02\/Logo-Name-Slogan.png\",\"width\":2048,\"height\":2048,\"caption\":\"IntoBlue\"},\"image\":{\"@id\":\"https:\/\/www.intoblue.dk\/#logo\"}},{\"@type\":\"WebSite\",\"@id\":\"https:\/\/www.intoblue.dk\/#website\",\"url\":\"https:\/\/www.intoblue.dk\/\",\"name\":\"IntoBlue\",\"description\":\"P&aring; vores b&aring;dture fisker, dykker, samler, smager p&aring; og oplever vi livet under vandets overflade!\",\"publisher\":{\"@id\":\"https:\/\/www.intoblue.dk\/#organization\"},\"potentialAction\":[{\"@type\":\"SearchAction\",\"target\":{\"@type\":\"EntryPoint\",\"urlTemplate\":\"https:\/\/www.intoblue.dk\/?s={search_term_string}\"},\"query-input\":\"required name=search_term_string\"}],\"inLanguage\":\"en-GB\"},{\"@type\":\"ImageObject\",\"@id\":\"https:\/\/www.intoblue.dk\/boats\/#primaryimage\",\"inLanguage\":\"en-GB\",\"url\":\"https:\/\/www.intoblue.dk\/wp-content\/uploads\/2020\/11\/Navigator-610.png\",\"contentUrl\":\"https:\/\/www.intoblue.dk\/wp-content\/uploads\/2020\/11\/Navigator-610.png\",\"width\":1893,\"height\":837,\"caption\":\"BRIG Navigator 610\"},{\"@type\":\"WebPage\",\"@id\":\"https:\/\/www.intoblue.dk\/boats\/#webpage\",\"url\":\"https:\/\/www.intoblue.dk\/boats\/\",\"name\":\"B\u00e5dene | IntoBlue | Modern bass-boat and RIB for fishing and diving\",\"isPartOf\":{\"@id\":\"https:\/\/www.intoblue.dk\/#website\"},\"primaryImageOfPage\":{\"@id\":\"https:\/\/www.intoblue.dk\/boats\/#primaryimage\"},\"datePublished\":\"2020-11-03T19:39:30+00:00\",\"dateModified\":\"2022-03-11T09:47:36+00:00\",\"description\":\"We use modern and state-of-the-art bass boat and RIB boat to explore Limfjorden and Mariager Fjord on boat trips. Click here for more details.\",\"breadcrumb\":{\"@id\":\"https:\/\/www.intoblue.dk\/boats\/#breadcrumb\"},\"inLanguage\":\"en-GB\",\"potentialAction\":[{\"@type\":\"ReadAction\",\"target\":[\"https:\/\/www.intoblue.dk\/boats\/\"]}]},{\"@type\":\"BreadcrumbList\",\"@id\":\"https:\/\/www.intoblue.dk\/boats\/#breadcrumb\",\"itemListElement\":[{\"@type\":\"ListItem\",\"position\":1,\"name\":\"Home\",\"item\":\"https:\/\/www.intoblue.dk\/\"},{\"@type\":\"ListItem\",\"position\":2,\"name\":\"B\u00e5dene\"}]}]}<\/script>\n<!-- \/ Yoast SEO Premium plugin. -->","yoast_head_json":{"title":"B\u00e5dene | IntoBlue | Modern bass-boat and RIB for fishing and diving","description":"We use modern and state-of-the-art bass boat and RIB boat to explore Limfjorden and Mariager Fjord on boat trips. Click here for more details.","robots":{"index":"index","follow":"follow","max-snippet":"max-snippet:-1","max-image-preview":"max-image-preview:large","max-video-preview":"max-video-preview:-1"},"canonical":"https:\/\/www.intoblue.dk\/en\/boats\/","og_locale":"en_GB","og_type":"article","og_title":"B\u00e5dene","og_description":"We use modern and state-of-the-art bass boat and RIB boat to explore Limfjorden and Mariager Fjord on boat trips. Click here for more details.","og_url":"https:\/\/www.intoblue.dk\/en\/boats\/","og_site_name":"IntoBlue","article_publisher":"https:\/\/www.facebook.com\/IntoBlue-113340007205853","article_modified_time":"2022-03-11T09:47:36+00:00","og_image":[{"url":"https:\/\/www.intoblue.dk\/wp-content\/uploads\/2020\/11\/Navigator-610.png"}],"twitter_card":"summary_large_image","twitter_misc":{"Estimated reading time":"2 minutes"},"schema":{"@context":"https:\/\/schema.org","@graph":[{"@type":"Organization","@id":"https:\/\/www.intoblue.dk\/#organization","name":"IntoBlue","url":"https:\/\/www.intoblue.dk\/","sameAs":["https:\/\/www.facebook.com\/IntoBlue-113340007205853","https:\/\/www.instagram.com\/intoblue_dk\/","https:\/\/www.linkedin.com\/in\/tore-mogensen-43550a1\/","https:\/\/www.youtube.com\/channel\/UCUsFQaki4Np6opJhKZfTmTg?fbclid=IwAR3nqbHpMKL4y5FuGe6Mw2P_b7iYjj4SUbP7FQgbjC351zBCvfqYH-YzKUU"],"logo":{"@type":"ImageObject","@id":"https:\/\/www.intoblue.dk\/#logo","inLanguage":"en-GB","url":"http:\/\/www.intoblue.dk\/wp-content\/uploads\/2021\/02\/Logo-Name-Slogan.png","contentUrl":"http:\/\/www.intoblue.dk\/wp-content\/uploads\/2021\/02\/Logo-Name-Slogan.png","width":2048,"height":2048,"caption":"IntoBlue"},"image":{"@id":"https:\/\/www.intoblue.dk\/#logo"}},{"@type":"WebSite","@id":"https:\/\/www.intoblue.dk\/#website","url":"https:\/\/www.intoblue.dk\/","name":"IntoBlue","description":"P&aring; vores b&aring;dture fisker, dykker, samler, smager p&aring; og oplever vi livet under vandets overflade!","publisher":{"@id":"https:\/\/www.intoblue.dk\/#organization"},"potentialAction":[{"@type":"SearchAction","target":{"@type":"EntryPoint","urlTemplate":"https:\/\/www.intoblue.dk\/?s={search_term_string}"},"query-input":"required name=search_term_string"}],"inLanguage":"en-GB"},{"@type":"ImageObject","@id":"https:\/\/www.intoblue.dk\/boats\/#primaryimage","inLanguage":"en-GB","url":"https:\/\/www.intoblue.dk\/wp-content\/uploads\/2020\/11\/Navigator-610.png","contentUrl":"https:\/\/www.intoblue.dk\/wp-content\/uploads\/2020\/11\/Navigator-610.png","width":1893,"height":837,"caption":"BRIG Navigator 610"},{"@type":"WebPage","@id":"https:\/\/www.intoblue.dk\/boats\/#webpage","url":"https:\/\/www.intoblue.dk\/boats\/","name":"B\u00e5dene | IntoBlue | Modern bass-boat and RIB for fishing and diving","isPartOf":{"@id":"https:\/\/www.intoblue.dk\/#website"},"primaryImageOfPage":{"@id":"https:\/\/www.intoblue.dk\/boats\/#primaryimage"},"datePublished":"2020-11-03T19:39:30+00:00","dateModified":"2022-03-11T09:47:36+00:00","description":"We use modern and state-of-the-art bass boat and RIB boat to explore Limfjorden and Mariager Fjord on boat trips. Click here for more details.","breadcrumb":{"@id":"https:\/\/www.intoblue.dk\/boats\/#breadcrumb"},"inLanguage":"en-GB","potentialAction":[{"@type":"ReadAction","target":["https:\/\/www.intoblue.dk\/boats\/"]}]},{"@type":"BreadcrumbList","@id":"https:\/\/www.intoblue.dk\/boats\/#breadcrumb","itemListElement":[{"@type":"ListItem","position":1,"name":"Home","item":"https:\/\/www.intoblue.dk\/"},{"@type":"ListItem","position":2,"name":"B\u00e5dene"}]}]}},"_links":{"self":[{"href":"https:\/\/www.intoblue.dk\/en\/wp-json\/wp\/v2\/pages\/708"}],"collection":[{"href":"https:\/\/www.intoblue.dk\/en\/wp-json\/wp\/v2\/pages"}],"about":[{"href":"https:\/\/www.intoblue.dk\/en\/wp-json\/wp\/v2\/types\/page"}],"author":[{"embeddable":true,"href":"https:\/\/www.intoblue.dk\/en\/wp-json\/wp\/v2\/users\/1"}],"replies":[{"embeddable":true,"href":"https:\/\/www.intoblue.dk\/en\/wp-json\/wp\/v2\/comments?post=708"}],"version-history":[{"count":0,"href":"https:\/\/www.intoblue.dk\/en\/wp-json\/wp\/v2\/pages\/708\/revisions"}],"wp:attachment":[{"href":"https:\/\/www.intoblue.dk\/en\/wp-json\/wp\/v2\/media?parent=708"}],"curies":[{"name":"wp","href":"https:\/\/api.w.org\/{rel}","templated":true}]}}